{"id":33800,"date":"2025-02-13T20:37:44","date_gmt":"2025-02-13T20:37:44","guid":{"rendered":"https:\/\/dibback.kuper.mx\/?post_type=product&#038;p=33800"},"modified":"2025-02-13T20:37:54","modified_gmt":"2025-02-13T20:37:54","slug":"set-de-bano-silk-3-piezas","status":"publish","type":"product","link":"https:\/\/dibback.kuper.mx\/index.php\/product\/set-de-bano-silk-3-piezas\/","title":{"rendered":"Set De Ba\u00f1o Silk 3 Piezas"},"content":{"rendered":"<p><span style=\"vertical-align: inherit;\"><span style=\"vertical-align: inherit;\">Transforma tu ba\u00f1o en una zona de confort con nuestro juego de ba\u00f1o de 3 piezas. Elaborado con microfibra de alta calidad, este set incluye un tapete de ba\u00f1o de 50&#215;80 cm, una tapa para el inodoro de 45&#215;35 cm y una tapa para el tanque de 25&#215;45 cm. La base antideslizante de cada pieza garantiza tu seguridad, mientras que la suavidad de la microfibra te brinda una sensaci\u00f3n de bienestar en cada paso.<\/span><\/span><\/p>\n","protected":false},"excerpt":{"rendered":"<p>Transforma tu ba\u00f1o en un espacio elegante y funcional con nuestro juego de ba\u00f1o de 3 piezas. Su dise\u00f1o moderno y su base antideslizante te brindar\u00e1n la m\u00e1xima comodidad y seguridad. \u00a1Complementa tu ba\u00f1o con estilo!<\/p>\n","protected":false},"featured_media":23654,"comment_status":"closed","ping_status":"closed","template":"","meta":[],"product_brand":[],"product_cat":[858,840],"product_tag":[621,179,261,175,627,118,180,628,300],"class_list":{"0":"post-33800","1":"product","2":"type-product","3":"status-publish","4":"has-post-thumbnail","6":"product_cat-bano","7":"product_cat-interior","8":"product_tag-bano","9":"product_tag-beige","10":"product_tag-blanco","11":"product_tag-cafe","12":"product_tag-fiusha","13":"product_tag-gris-claro","14":"product_tag-gris-oscuro","15":"product_tag-set","16":"product_tag-turquesa","17":"pa_color-beige","18":"pa_color-blanco","19":"pa_color-cafe","20":"pa_color-fiusha","21":"pa_color-gris-claro","22":"pa_color-gris-oscuro","23":"pa_color-turquesa","25":"first","26":"instock","27":"purchasable","28":"product-type-variable"},"_links":{"self":[{"href":"https:\/\/dibback.kuper.mx\/index.php\/wp-json\/wp\/v2\/product\/33800","targetHints":{"allow":["GET"]}}],"collection":[{"href":"https:\/\/dibback.kuper.mx\/index.php\/wp-json\/wp\/v2\/product"}],"about":[{"href":"https:\/\/dibback.kuper.mx\/index.php\/wp-json\/wp\/v2\/types\/product"}],"replies":[{"embeddable":true,"href":"https:\/\/dibback.kuper.mx\/index.php\/wp-json\/wp\/v2\/comments?post=33800"}],"version-history":[{"count":1,"href":"https:\/\/dibback.kuper.mx\/index.php\/wp-json\/wp\/v2\/product\/33800\/revisions"}],"predecessor-version":[{"id":33817,"href":"https:\/\/dibback.kuper.mx\/index.php\/wp-json\/wp\/v2\/product\/33800\/revisions\/33817"}],"wp:featuredmedia":[{"embeddable":true,"href":"https:\/\/dibback.kuper.mx\/index.php\/wp-json\/wp\/v2\/media\/23654"}],"wp:attachment":[{"href":"https:\/\/dibback.kuper.mx\/index.php\/wp-json\/wp\/v2\/media?parent=33800"}],"wp:term":[{"taxonomy":"product_brand","embeddable":true,"href":"https:\/\/dibback.kuper.mx\/index.php\/wp-json\/wp\/v2\/product_brand?post=33800"},{"taxonomy":"product_cat","embeddable":true,"href":"https:\/\/dibback.kuper.mx\/index.php\/wp-json\/wp\/v2\/product_cat?post=33800"},{"taxonomy":"product_tag","embeddable":true,"href":"https:\/\/dibback.kuper.mx\/index.php\/wp-json\/wp\/v2\/product_tag?post=33800"}],"curies":[{"name":"wp","href":"https:\/\/api.w.org\/{rel}","templated":true}]}}