{"id":33738,"date":"2025-02-13T20:37:20","date_gmt":"2025-02-13T20:37:20","guid":{"rendered":"https:\/\/dibback.kuper.mx\/?post_type=product&#038;p=33738"},"modified":"2025-02-13T20:37:27","modified_gmt":"2025-02-13T20:37:27","slug":"tapete-decorativo-bazhars-ghashgai-197x286-cm","status":"publish","type":"product","link":"https:\/\/dibback.kuper.mx\/index.php\/product\/tapete-decorativo-bazhars-ghashgai-197x286-cm\/","title":{"rendered":"Tapete decorativo Bazhars Ghashgai 197&#215;286 cm"},"content":{"rendered":"<p>Introduciendo nuestro nuevo tapete, artesanalmente tejido en Pakist\u00e1n y compuesto completamente de lana de alta calidad. Este tapete cl\u00e1sico se distingue por su impresionante paleta de colores c\u00e1lidos con tonos predominantes de rojo, naranja, y terra, complementados con toques sutiles de azul y beige en ciertos modelos. El dise\u00f1o est\u00e1 centrado en un medall\u00f3n distintivo que le confiere un aire r\u00fastico y elegante, perfecto para cualquier espacio que busque un toque de calidez y tradici\u00f3n.<\/p>\n<p><strong>Caracter\u00edsticas:<\/strong><\/p>\n<ul>\n<li><strong>Material:<\/strong> 100% lana, proporcionando suavidad, durabilidad y confort bajo los pies.<\/li>\n<li><strong>Origen:<\/strong> Cuidadosamente creado a mano por h\u00e1biles artesanos en Pakist\u00e1n.<\/li>\n<li><strong>Dise\u00f1o:<\/strong> Cl\u00e1sico con un medall\u00f3n central, ideal para ambientes que valoran el estilo r\u00fastico y la riqueza visual.<\/li>\n<\/ul>\n<p><strong>Consejos de limpieza:<\/strong><\/p>\n<ul>\n<li>Aspirar regularmente en la direcci\u00f3n del pelo para evitar la acumulaci\u00f3n de polvo y prolongar la vida del tapete.<\/li>\n<li>Para manchas, limpiar con un pa\u00f1o h\u00famedo y detergente suave, evitando frotar demasiado fuerte para preservar la integridad de la lana.<\/li>\n<li>Recomendamos la limpieza profesional anual para mantener su belleza y vitalidad.<\/li>\n<\/ul>\n<p><strong>Consejos de decoraci\u00f3n:<\/strong><\/p>\n<ul>\n<li>Este tapete funciona maravillosamente en \u00e1reas de estar o comedor donde los tonos c\u00e1lidos pueden complementar maderas oscuras o muebles de tonos tierra.<\/li>\n<li>Combina con accesorios en tonos neutros como beige o gris para permitir que los colores vibrantes del tapete sean el foco central de la decoraci\u00f3n.<\/li>\n<li>Aprovecha la naturaleza ornamental del medall\u00f3n para centrar el tapete bajo mesas de centro o como punto focal en salas de estar.<\/li>\n<\/ul>\n<p>Este tapete no solo es un complemento est\u00e9tico para su hogar, sino tambi\u00e9n una inversi\u00f3n en confort y estilo duradero, perfecto para enriquecer cualquier espacio con su encanto y calidez.<\/p>\n<ul>\n<li><strong>TIP MUY IMPORTANTE<\/strong>: Visualiza y mide el espacio para el cu\u00e1l quieres tu tapete. Esto te permitir\u00e1 entender y saber mejor si est\u00e1s eligiendo la medida correcta, seg\u00fan c\u00f3mo esperas se vea en el ambiente seleccionado. Si lo quieres para debajo de una mesa de centro, tu cama, una mesa de comedor o para que delimite un ambiente, te aconsejamos tomar las medidas del ambiente o del muebles, para asegurarte que es la medida correcta la que estas seleccionando en tu compra.<\/li>\n<\/ul>\n","protected":false},"excerpt":{"rendered":"<p>Introduciendo nuestro nuevo tapete, artesanalmente tejido en Pakist\u00e1n y compuesto completamente de lana de alta calidad. Este tapete cl\u00e1sico se<\/p>\n","protected":false},"featured_media":23562,"comment_status":"closed","ping_status":"closed","template":"","meta":[],"product_brand":[],"product_cat":[804,825,803,812,824,827,828,805],"product_tag":[414,208,176,418,548,475,549,550],"class_list":{"0":"post-33738","1":"product","2":"type-product","3":"status-publish","4":"has-post-thumbnail","6":"product_cat-calidos","7":"product_cat-coleccion-bazhars","8":"product_cat-color","9":"product_cat-fibras-naturales","10":"product_cat-frios","11":"product_cat-hecho-a-mano","12":"product_cat-inicio","13":"product_cat-tapetes","14":"product_tag-comedor","15":"product_tag-multicolor","16":"product_tag-naranja","17":"product_tag-sala","18":"product_tag-tapete-clasico","19":"product_tag-tapete-de-lana","20":"product_tag-tapete-de-lana-medidas-unicas","21":"product_tag-tapete-medidas-unicas","22":"product_shipping_class-gratis","24":"first","25":"instock","26":"sold-individually","27":"shipping-taxable","28":"purchasable","29":"product-type-simple"},"_links":{"self":[{"href":"https:\/\/dibback.kuper.mx\/index.php\/wp-json\/wp\/v2\/product\/33738","targetHints":{"allow":["GET"]}}],"collection":[{"href":"https:\/\/dibback.kuper.mx\/index.php\/wp-json\/wp\/v2\/product"}],"about":[{"href":"https:\/\/dibback.kuper.mx\/index.php\/wp-json\/wp\/v2\/types\/product"}],"replies":[{"embeddable":true,"href":"https:\/\/dibback.kuper.mx\/index.php\/wp-json\/wp\/v2\/comments?post=33738"}],"version-history":[{"count":1,"href":"https:\/\/dibback.kuper.mx\/index.php\/wp-json\/wp\/v2\/product\/33738\/revisions"}],"predecessor-version":[{"id":33768,"href":"https:\/\/dibback.kuper.mx\/index.php\/wp-json\/wp\/v2\/product\/33738\/revisions\/33768"}],"wp:featuredmedia":[{"embeddable":true,"href":"https:\/\/dibback.kuper.mx\/index.php\/wp-json\/wp\/v2\/media\/23562"}],"wp:attachment":[{"href":"https:\/\/dibback.kuper.mx\/index.php\/wp-json\/wp\/v2\/media?parent=33738"}],"wp:term":[{"taxonomy":"product_brand","embeddable":true,"href":"https:\/\/dibback.kuper.mx\/index.php\/wp-json\/wp\/v2\/product_brand?post=33738"},{"taxonomy":"product_cat","embeddable":true,"href":"https:\/\/dibback.kuper.mx\/index.php\/wp-json\/wp\/v2\/product_cat?post=33738"},{"taxonomy":"product_tag","embeddable":true,"href":"https:\/\/dibback.kuper.mx\/index.php\/wp-json\/wp\/v2\/product_tag?post=33738"}],"curies":[{"name":"wp","href":"https:\/\/api.w.org\/{rel}","templated":true}]}}