{"id":33616,"date":"2025-02-13T20:36:28","date_gmt":"2025-02-13T20:36:28","guid":{"rendered":"https:\/\/dibback.kuper.mx\/?post_type=product&#038;p=33616"},"modified":"2025-02-13T20:36:35","modified_gmt":"2025-02-13T20:36:35","slug":"tapete-antifatiga-kitchen-marco-negro-51x81-cm","status":"publish","type":"product","link":"https:\/\/dibback.kuper.mx\/index.php\/product\/tapete-antifatiga-kitchen-marco-negro-51x81-cm\/","title":{"rendered":"Tapete Antifatiga Kitchen Marco Negro 51&#215;81 cm"},"content":{"rendered":"<p>Este tapete antifatiga es perfecto para el \u00e1rea de cocina. Soporte adecuado para los pies y las rodillas durante largos periodos de tiempo. Ya sea que est\u00e9 cocinando, lavando utensilios o se puede utilizar en su \u00e1rea de trabajo debajo de su escritorio, este tapete de cocina lo ayudar\u00e1 a aliviar la presi\u00f3n sobre sus pies, rodillas, espalda baja y articulaciones.<\/p>\n<p>Cuidados<br \/>\n*Limpiar con trapo h\u00famedo peri\u00f3dicamente.<br \/>\n*No lavar a m\u00e1quina, no secar a m\u00e1quina, no usar cloro, no planchar.<\/p>\n<p>Caracter\u00edsticas<br \/>\n*Medidas: 51&#215;81 cm<br \/>\n*Composici\u00f3n: 100% PVC<br \/>\n*Sugerencia de uso: interior<\/p>\n","protected":false},"excerpt":{"rendered":"<p>Este tapete antifatiga es perfecto para el \u00e1rea de cocina. Soporte adecuado para los pies y las rodillas durante largos<\/p>\n","protected":false},"featured_media":23333,"comment_status":"open","ping_status":"closed","template":"","meta":[],"product_brand":[],"product_cat":[855,840],"product_tag":[553,554,555],"class_list":{"0":"post-33616","1":"product","2":"type-product","3":"status-publish","4":"has-post-thumbnail","6":"product_cat-cocina","7":"product_cat-interior","8":"product_tag-tapete-antifatiga","9":"product_tag-tapete-de-cocina","10":"product_tag-tapete-de-descanso","11":"product_shipping_class-gratis","13":"first","14":"instock","15":"shipping-taxable","16":"purchasable","17":"product-type-simple"},"_links":{"self":[{"href":"https:\/\/dibback.kuper.mx\/index.php\/wp-json\/wp\/v2\/product\/33616","targetHints":{"allow":["GET"]}}],"collection":[{"href":"https:\/\/dibback.kuper.mx\/index.php\/wp-json\/wp\/v2\/product"}],"about":[{"href":"https:\/\/dibback.kuper.mx\/index.php\/wp-json\/wp\/v2\/types\/product"}],"replies":[{"embeddable":true,"href":"https:\/\/dibback.kuper.mx\/index.php\/wp-json\/wp\/v2\/comments?post=33616"}],"version-history":[{"count":1,"href":"https:\/\/dibback.kuper.mx\/index.php\/wp-json\/wp\/v2\/product\/33616\/revisions"}],"predecessor-version":[{"id":33642,"href":"https:\/\/dibback.kuper.mx\/index.php\/wp-json\/wp\/v2\/product\/33616\/revisions\/33642"}],"wp:featuredmedia":[{"embeddable":true,"href":"https:\/\/dibback.kuper.mx\/index.php\/wp-json\/wp\/v2\/media\/23333"}],"wp:attachment":[{"href":"https:\/\/dibback.kuper.mx\/index.php\/wp-json\/wp\/v2\/media?parent=33616"}],"wp:term":[{"taxonomy":"product_brand","embeddable":true,"href":"https:\/\/dibback.kuper.mx\/index.php\/wp-json\/wp\/v2\/product_brand?post=33616"},{"taxonomy":"product_cat","embeddable":true,"href":"https:\/\/dibback.kuper.mx\/index.php\/wp-json\/wp\/v2\/product_cat?post=33616"},{"taxonomy":"product_tag","embeddable":true,"href":"https:\/\/dibback.kuper.mx\/index.php\/wp-json\/wp\/v2\/product_tag?post=33616"}],"curies":[{"name":"wp","href":"https:\/\/api.w.org\/{rel}","templated":true}]}}