{"id":33149,"date":"2025-02-13T20:33:19","date_gmt":"2025-02-13T20:33:19","guid":{"rendered":"https:\/\/dibback.kuper.mx\/?post_type=product&#038;p=33149"},"modified":"2025-02-13T20:33:24","modified_gmt":"2025-02-13T20:33:24","slug":"tapete-texture-kitchen-mat-bitono-azul-46x76-cm","status":"publish","type":"product","link":"https:\/\/dibback.kuper.mx\/index.php\/product\/tapete-texture-kitchen-mat-bitono-azul-46x76-cm\/","title":{"rendered":"Tapete Texture Kitchen Mat Bitono Azul 46&#215;76 cm"},"content":{"rendered":"<p>Este tapete antifatiga es perfecto para el \u00e1rea de cocina. Soporte adecuado para los pies y las rodillas durante largos periodos de tiempo. Ya sea que est\u00e9 cocinando, lavando utensilios o se puede utilizar en su \u00e1rea de trabajo debajo de su escritorio, este tapete de cocina lo ayudar\u00e1 a aliviar la presi\u00f3n sobre sus pies, rodillas, espalda baja y articulaciones.<\/p>\n<p>Cuidados<br \/>\n*Limpiar con trapo h\u00famedo peri\u00f3dicamente.<br \/>\n*No lavar a m\u00e1quina, no secar a m\u00e1quina, no usar cloro, no planchar.<\/p>\n<p>Caracter\u00edsticas<br \/>\n*Medidas: 46&#215;76 cm<br \/>\n*Composici\u00f3n: 100% PVC<br \/>\n*Sugerencia de uso: interior<\/p>\n","protected":false},"excerpt":{"rendered":"<p>Este tapete antifatiga es perfecto para el \u00e1rea de cocina. Soporte adecuado para los pies y las rodillas durante largos<\/p>\n","protected":false},"featured_media":22358,"comment_status":"open","ping_status":"closed","template":"","meta":[],"product_brand":[],"product_cat":[855,840],"product_tag":[],"class_list":{"0":"post-33149","1":"product","2":"type-product","3":"status-publish","4":"has-post-thumbnail","6":"product_cat-cocina","7":"product_cat-interior","9":"first","10":"instock","11":"shipping-taxable","12":"purchasable","13":"product-type-simple"},"_links":{"self":[{"href":"https:\/\/dibback.kuper.mx\/index.php\/wp-json\/wp\/v2\/product\/33149","targetHints":{"allow":["GET"]}}],"collection":[{"href":"https:\/\/dibback.kuper.mx\/index.php\/wp-json\/wp\/v2\/product"}],"about":[{"href":"https:\/\/dibback.kuper.mx\/index.php\/wp-json\/wp\/v2\/types\/product"}],"replies":[{"embeddable":true,"href":"https:\/\/dibback.kuper.mx\/index.php\/wp-json\/wp\/v2\/comments?post=33149"}],"version-history":[{"count":1,"href":"https:\/\/dibback.kuper.mx\/index.php\/wp-json\/wp\/v2\/product\/33149\/revisions"}],"predecessor-version":[{"id":33170,"href":"https:\/\/dibback.kuper.mx\/index.php\/wp-json\/wp\/v2\/product\/33149\/revisions\/33170"}],"wp:featuredmedia":[{"embeddable":true,"href":"https:\/\/dibback.kuper.mx\/index.php\/wp-json\/wp\/v2\/media\/22358"}],"wp:attachment":[{"href":"https:\/\/dibback.kuper.mx\/index.php\/wp-json\/wp\/v2\/media?parent=33149"}],"wp:term":[{"taxonomy":"product_brand","embeddable":true,"href":"https:\/\/dibback.kuper.mx\/index.php\/wp-json\/wp\/v2\/product_brand?post=33149"},{"taxonomy":"product_cat","embeddable":true,"href":"https:\/\/dibback.kuper.mx\/index.php\/wp-json\/wp\/v2\/product_cat?post=33149"},{"taxonomy":"product_tag","embeddable":true,"href":"https:\/\/dibback.kuper.mx\/index.php\/wp-json\/wp\/v2\/product_tag?post=33149"}],"curies":[{"name":"wp","href":"https:\/\/api.w.org\/{rel}","templated":true}]}}