{"id":33148,"date":"2025-02-13T20:33:19","date_gmt":"2025-02-13T20:33:19","guid":{"rendered":"https:\/\/dibback.kuper.mx\/?post_type=product&#038;p=33148"},"modified":"2025-02-13T20:33:23","modified_gmt":"2025-02-13T20:33:23","slug":"tapete-antifatiga-dots-60x80-cm","status":"publish","type":"product","link":"https:\/\/dibback.kuper.mx\/index.php\/product\/tapete-antifatiga-dots-60x80-cm\/","title":{"rendered":"Tapete Antifatiga Dots 60&#215;80 cm"},"content":{"rendered":"<p>Este tapete antifatiga es ideal para colocarse en oficinas, cocinas, mostradores, negocios de conveniencia, etc. Fabricado en caucho, ofrece una estructura firme y pesada que permite una mayor resistencia y durabilidad. Ofrece soporte adecuado para los pies y las rodillas, espalda baja y articulaciones, ayuda a reducir la fatiga muscular. Excelente opci\u00f3n para aquellos que pasan largas horas de pie, gracias a su dise\u00f1o ergon\u00f3mico que se adapta a cualquier estaci\u00f3n del hogar o trabajo.<\/p>\n<p>Cuidados<br \/>\n*Limpiar con cepillo h\u00famedo peri\u00f3dicamente.<br \/>\n*No lavar a m\u00e1quina, no secar a m\u00e1quina, no usar cloro, no planchar.<\/p>\n<p>Caracter\u00edsticas<br \/>\n*Medidas: 60&#215;80 cm<br \/>\n*Composici\u00f3n: 100% caucho<br \/>\n*Sugerencia de uso: interior\/exterior<\/p>\n","protected":false},"excerpt":{"rendered":"<p>Este tapete antifatiga es ideal para colocarse en oficinas, cocinas, mostradores, negocios de conveniencia, etc. Fabricado en caucho, ofrece una<\/p>\n","protected":false},"featured_media":22353,"comment_status":"open","ping_status":"closed","template":"","meta":[],"product_brand":[],"product_cat":[841,840],"product_tag":[],"class_list":{"0":"post-33148","1":"product","2":"type-product","3":"status-publish","4":"has-post-thumbnail","6":"product_cat-entrada","7":"product_cat-interior","9":"first","10":"instock","11":"shipping-taxable","12":"purchasable","13":"product-type-simple"},"_links":{"self":[{"href":"https:\/\/dibback.kuper.mx\/index.php\/wp-json\/wp\/v2\/product\/33148","targetHints":{"allow":["GET"]}}],"collection":[{"href":"https:\/\/dibback.kuper.mx\/index.php\/wp-json\/wp\/v2\/product"}],"about":[{"href":"https:\/\/dibback.kuper.mx\/index.php\/wp-json\/wp\/v2\/types\/product"}],"replies":[{"embeddable":true,"href":"https:\/\/dibback.kuper.mx\/index.php\/wp-json\/wp\/v2\/comments?post=33148"}],"version-history":[{"count":1,"href":"https:\/\/dibback.kuper.mx\/index.php\/wp-json\/wp\/v2\/product\/33148\/revisions"}],"predecessor-version":[{"id":33169,"href":"https:\/\/dibback.kuper.mx\/index.php\/wp-json\/wp\/v2\/product\/33148\/revisions\/33169"}],"wp:featuredmedia":[{"embeddable":true,"href":"https:\/\/dibback.kuper.mx\/index.php\/wp-json\/wp\/v2\/media\/22353"}],"wp:attachment":[{"href":"https:\/\/dibback.kuper.mx\/index.php\/wp-json\/wp\/v2\/media?parent=33148"}],"wp:term":[{"taxonomy":"product_brand","embeddable":true,"href":"https:\/\/dibback.kuper.mx\/index.php\/wp-json\/wp\/v2\/product_brand?post=33148"},{"taxonomy":"product_cat","embeddable":true,"href":"https:\/\/dibback.kuper.mx\/index.php\/wp-json\/wp\/v2\/product_cat?post=33148"},{"taxonomy":"product_tag","embeddable":true,"href":"https:\/\/dibback.kuper.mx\/index.php\/wp-json\/wp\/v2\/product_tag?post=33148"}],"curies":[{"name":"wp","href":"https:\/\/api.w.org\/{rel}","templated":true}]}}