{"id":32552,"date":"2025-02-13T20:29:31","date_gmt":"2025-02-13T20:29:31","guid":{"rendered":"https:\/\/dibback.kuper.mx\/?post_type=product&#038;p=32552"},"modified":"2025-02-13T20:29:38","modified_gmt":"2025-02-13T20:29:38","slug":"tapete-decorativo-shaggy-emma-shagg-160x230-cm","status":"publish","type":"product","link":"https:\/\/dibback.kuper.mx\/index.php\/product\/tapete-decorativo-shaggy-emma-shagg-160x230-cm\/","title":{"rendered":"Tapete decorativo Shaggy Emma shagg 160&#215;230 cm"},"content":{"rendered":"<ul>\n<li>Fabricado en polipropileno<\/li>\n<li>Alto del pelo 3 cm aproximadamente<\/li>\n<li>Muy suave y agradable al tacto<\/li>\n<li><strong>TIP MUY IMPORTANTE<\/strong>: Visualiza y mide el espacio para el cu\u00e1l quieres tu tapete. Esto te permitir\u00e1 entender y saber mejor si est\u00e1s eligiendo la medida correcta, seg\u00fan c\u00f3mo esperas se vea en el ambiente seleccionado. Si lo quieres para debajo de una mesa de centro, tu cama, una mesa de comedor o para que delimite un ambiente, te aconsejamos tomar las medidas del ambiente o del muebles, para asegurarte que es la medida correcta la que estas seleccionando en tu compra<\/li>\n<\/ul>\n","protected":false},"excerpt":{"rendered":"<p>Fabricado en polipropileno Alto del pelo 3 cm aproximadamente Muy suave y agradable al tacto TIP MUY IMPORTANTE: Visualiza y<\/p>\n","protected":false},"featured_media":24680,"comment_status":"closed","ping_status":"closed","template":"","meta":[],"product_brand":[],"product_cat":[811,803,824,807,805,819],"product_tag":[82,75,84],"class_list":{"0":"post-32552","1":"product","2":"type-product","3":"status-publish","4":"has-post-thumbnail","6":"product_cat-coleccion-essentials","7":"product_cat-color","8":"product_cat-frios","9":"product_cat-shaggy-mas-de-1-5cm","10":"product_cat-tapetes","11":"product_cat-uncategorized","12":"product_tag-160x230-cm","13":"product_tag-interior","14":"product_tag-suave","16":"first","17":"instock","18":"shipping-taxable","19":"purchasable","20":"product-type-simple"},"_links":{"self":[{"href":"https:\/\/dibback.kuper.mx\/index.php\/wp-json\/wp\/v2\/product\/32552","targetHints":{"allow":["GET"]}}],"collection":[{"href":"https:\/\/dibback.kuper.mx\/index.php\/wp-json\/wp\/v2\/product"}],"about":[{"href":"https:\/\/dibback.kuper.mx\/index.php\/wp-json\/wp\/v2\/types\/product"}],"replies":[{"embeddable":true,"href":"https:\/\/dibback.kuper.mx\/index.php\/wp-json\/wp\/v2\/comments?post=32552"}],"version-history":[{"count":1,"href":"https:\/\/dibback.kuper.mx\/index.php\/wp-json\/wp\/v2\/product\/32552\/revisions"}],"predecessor-version":[{"id":32570,"href":"https:\/\/dibback.kuper.mx\/index.php\/wp-json\/wp\/v2\/product\/32552\/revisions\/32570"}],"wp:featuredmedia":[{"embeddable":true,"href":"https:\/\/dibback.kuper.mx\/index.php\/wp-json\/wp\/v2\/media\/24680"}],"wp:attachment":[{"href":"https:\/\/dibback.kuper.mx\/index.php\/wp-json\/wp\/v2\/media?parent=32552"}],"wp:term":[{"taxonomy":"product_brand","embeddable":true,"href":"https:\/\/dibback.kuper.mx\/index.php\/wp-json\/wp\/v2\/product_brand?post=32552"},{"taxonomy":"product_cat","embeddable":true,"href":"https:\/\/dibback.kuper.mx\/index.php\/wp-json\/wp\/v2\/product_cat?post=32552"},{"taxonomy":"product_tag","embeddable":true,"href":"https:\/\/dibback.kuper.mx\/index.php\/wp-json\/wp\/v2\/product_tag?post=32552"}],"curies":[{"name":"wp","href":"https:\/\/api.w.org\/{rel}","templated":true}]}}