{"id":32347,"date":"2025-02-13T20:28:18","date_gmt":"2025-02-13T20:28:18","guid":{"rendered":"https:\/\/dibback.kuper.mx\/?post_type=product&#038;p=32347"},"modified":"2025-02-13T20:28:28","modified_gmt":"2025-02-13T20:28:28","slug":"tapete-decorativo-chocolate-cuadros-160x230-cm","status":"publish","type":"product","link":"https:\/\/dibback.kuper.mx\/index.php\/product\/tapete-decorativo-chocolate-cuadros-160x230-cm\/","title":{"rendered":"Tapete decorativo Chocolate Cuadros 160&#215;230 cm"},"content":{"rendered":"<p>Este tapete decorativo se caracteriza por su modelo de cuadros asim\u00e9tricos, lo cual le confiere un aspecto visualmente agradable, de pelo corto y suave. La fusi\u00f3n de colores y formas crea un efecto est\u00e9tico que aporta sofisticaci\u00f3n y elegancia a cualquier espacio. Si buscas darle un toque equilibrado y acogedor a tu entorno, este tapete es una elecci\u00f3n ideal. Se adapta a diferentes estilos de decoraci\u00f3n, aportando un aire de frescura y sofisticaci\u00f3n a cualquier ambiente.<\/p>\n<p>Los tapetes son, sin duda una excelente forma de agregar color, textura y estilo a cualquier espacio. Adem\u00e1s de proporcionar calidez y definici\u00f3n, tambi\u00e9n pueden ayudar a reducir el ruido y mejorar la ac\u00fastica de la habitaci\u00f3n. Al elegir un tapete, es importante considerar el tama\u00f1o y la forma del espacio, as\u00ed como el estilo y la funci\u00f3n de la habitaci\u00f3n en s\u00ed misma.<\/p>\n<p>CUIDADOS<\/p>\n<p>Aspirar regularmente ayuda a eliminar la suciedad y el polvo que se acumula con el uso diario, se recomienda aspirar una vez por semana y m\u00e1s frecuentemente en zonas de alto tr\u00e1fico. Puede limpiarla con espumas para tapetes o tapizados en caso de mancha o suciedad persistente. Nunca lavara a m\u00e1quina ya que esto puede da\u00f1arla y hacer que pierda su forma y color. Si necesita limpieza m\u00e1s a fondo considere un servicio profesional dedicado a la limpieza de los materiales del cual est\u00e1 hecho el tapete. Se recomienda enrollar la alfombra en la direcci\u00f3n opuesta y dejar que se asiente durante unas horas para permitir que se quede plana. Las arrugas normalmente se aplanan dentro de 1-2 semanas despu\u00e9s de desenrollar.<\/p>\n<p>CARACTERISTICAS<\/p>\n<p>*Composici\u00f3n: 100% polipropileno, base tejida de yute<\/p>\n<p>*Sugerencia de uso: Interior, ideal para sala, recamara, comedor u oficina<\/p>\n<p>*Alto pelo: 0.5 cm aproximadamente<\/p>\n<p>*Pa\u00eds de origen: Turqu\u00eda<\/p>\n<p>TIP MUY IMPORTANTE: Visualiza y mide el espacio para el cu\u00e1l quieres tu tapete. Esto te permitir\u00e1 entender y saber mejor si est\u00e1s eligiendo la medida correcta, seg\u00fan c\u00f3mo esperas se vea en el ambiente seleccionado. Si lo quieres para debajo de una mesa de centro, tu cama, una mesa de comedor o para que delimite un ambiente, te aconsejamos tomar las medidas del ambiente o del mueble, para asegurarte que es la medida correcta la que estas seleccionando en tu compra.<\/p>\n","protected":false},"excerpt":{"rendered":"<p>SALA Y OFICINA<\/p>\n<p>RECAMARA Y PASILLO<\/p>\n","protected":false},"featured_media":20357,"comment_status":"open","ping_status":"closed","template":"","meta":[],"product_brand":[],"product_cat":[811,803,824,813,805],"product_tag":[82,75,84],"class_list":{"0":"post-32347","1":"product","2":"type-product","3":"status-publish","4":"has-post-thumbnail","6":"product_cat-coleccion-essentials","7":"product_cat-color","8":"product_cat-frios","9":"product_cat-shaggy-menos-de-1cm","10":"product_cat-tapetes","11":"product_tag-160x230-cm","12":"product_tag-interior","13":"product_tag-suave","15":"first","16":"instock","17":"shipping-taxable","18":"purchasable","19":"product-type-simple"},"_links":{"self":[{"href":"https:\/\/dibback.kuper.mx\/index.php\/wp-json\/wp\/v2\/product\/32347","targetHints":{"allow":["GET"]}}],"collection":[{"href":"https:\/\/dibback.kuper.mx\/index.php\/wp-json\/wp\/v2\/product"}],"about":[{"href":"https:\/\/dibback.kuper.mx\/index.php\/wp-json\/wp\/v2\/types\/product"}],"replies":[{"embeddable":true,"href":"https:\/\/dibback.kuper.mx\/index.php\/wp-json\/wp\/v2\/comments?post=32347"}],"version-history":[{"count":1,"href":"https:\/\/dibback.kuper.mx\/index.php\/wp-json\/wp\/v2\/product\/32347\/revisions"}],"predecessor-version":[{"id":32376,"href":"https:\/\/dibback.kuper.mx\/index.php\/wp-json\/wp\/v2\/product\/32347\/revisions\/32376"}],"wp:featuredmedia":[{"embeddable":true,"href":"https:\/\/dibback.kuper.mx\/index.php\/wp-json\/wp\/v2\/media\/20357"}],"wp:attachment":[{"href":"https:\/\/dibback.kuper.mx\/index.php\/wp-json\/wp\/v2\/media?parent=32347"}],"wp:term":[{"taxonomy":"product_brand","embeddable":true,"href":"https:\/\/dibback.kuper.mx\/index.php\/wp-json\/wp\/v2\/product_brand?post=32347"},{"taxonomy":"product_cat","embeddable":true,"href":"https:\/\/dibback.kuper.mx\/index.php\/wp-json\/wp\/v2\/product_cat?post=32347"},{"taxonomy":"product_tag","embeddable":true,"href":"https:\/\/dibback.kuper.mx\/index.php\/wp-json\/wp\/v2\/product_tag?post=32347"}],"curies":[{"name":"wp","href":"https:\/\/api.w.org\/{rel}","templated":true}]}}