{"id":32342,"date":"2025-02-13T20:28:16","date_gmt":"2025-02-13T20:28:16","guid":{"rendered":"https:\/\/dibback.kuper.mx\/?post_type=product&#038;p=32342"},"modified":"2025-02-13T20:33:41","modified_gmt":"2025-02-13T20:33:41","slug":"tapete-decorativo-sublime-variedad-de-estilos","status":"publish","type":"product","link":"https:\/\/dibback.kuper.mx\/index.php\/product\/tapete-decorativo-sublime-variedad-de-estilos\/","title":{"rendered":"Tapete Decorativo Sublime &#8211; Variedad de estilos"},"content":{"rendered":"<p data-sourcepos=\"18:1-18:80\"><strong>Tapete decorativo moderno de pelo corto: la elecci\u00f3n perfecta para tu hogar<\/strong><\/p>\n<p data-sourcepos=\"20:1-20:261\">\u00bfBuscas darle un toque de sofisticaci\u00f3n a tu sala de estar, dormitorio o comedor? Nuestro tapete decorativo de pelo corto es la soluci\u00f3n ideal. Con su dise\u00f1o contempor\u00e1neo y textura suave, este tapete a\u00f1adir\u00e1 un toque de elegancia y calidez a cualquier espacio.<\/p>\n<p data-sourcepos=\"22:1-22:26\"><strong>Caracter\u00edsticas clave:<\/strong><\/p>\n<ul data-sourcepos=\"24:1-29:0\">\n<li data-sourcepos=\"24:1-24:104\"><strong>Dise\u00f1o moderno:<\/strong> L\u00edneas limpias y formas elegantes que se adaptan a cualquier estilo de decoraci\u00f3n.<\/li>\n<li data-sourcepos=\"25:1-25:91\"><strong>Material de alta calidad:<\/strong> 100% polipropileno con base de yute para mayor durabilidad.<\/li>\n<li data-sourcepos=\"26:1-26:88\"><strong>F\u00e1cil de limpiar:<\/strong> Aspirar regularmente y limpiar manchas con espuma especializada.<\/li>\n<li data-sourcepos=\"27:1-27:71\"><strong>Vers\u00e1til:<\/strong> Perfecto para salas, dormitorios, comedores y oficinas.<\/li>\n<li data-sourcepos=\"28:1-29:0\"><strong>Hecho en Egipto:<\/strong> Calidad garantizada.<\/li>\n<\/ul>\n<p data-sourcepos=\"30:1-30:15\"><strong>Beneficios:<\/strong><\/p>\n<ul data-sourcepos=\"32:1-35:0\">\n<li data-sourcepos=\"32:1-32:59\"><strong>Aumenta el confort:<\/strong> Suave al tacto y reduce el ruido.<\/li>\n<li data-sourcepos=\"33:1-33:83\"><strong>Mejora la est\u00e9tica:<\/strong> A\u00f1ade un toque de color y textura a cualquier habitaci\u00f3n.<\/li>\n<li data-sourcepos=\"34:1-35:0\"><strong>Duradero:<\/strong> Resiste el uso diario y es f\u00e1cil de mantener.<\/li>\n<\/ul>\n<p data-sourcepos=\"36:1-36:44\"><strong>Consejos para elegir el tama\u00f1o adecuado:<\/strong><\/p>\n<ul data-sourcepos=\"38:1-40:0\">\n<li data-sourcepos=\"38:1-38:128\"><strong>Mide el espacio:<\/strong> Antes de comprar, mide el \u00e1rea donde colocar\u00e1s el tapete para asegurarte de que el tama\u00f1o es el correcto.<\/li>\n<li data-sourcepos=\"39:1-40:0\"><strong>Considere el mobiliario:<\/strong> Si lo va a colocar debajo de una mesa o cama, aseg\u00farese de que tenga suficiente espacio alrededor.<\/li>\n<\/ul>\n<p data-sourcepos=\"41:1-41:55\"><strong>\u00a1Transforma tu hogar con nuestro tapete decorativo!<\/strong><\/p>\n","protected":false},"excerpt":{"rendered":"<p>Tapete decorativo moderno de pelo corto: la elecci\u00f3n perfecta para tu hogar \u00bfBuscas darle un toque de sofisticaci\u00f3n a tu<\/p>\n","protected":false},"featured_media":20332,"comment_status":"closed","ping_status":"closed","template":"","meta":[],"product_brand":[],"product_cat":[804,811,803,812,813,805],"product_tag":[81,82,91,75,84],"class_list":{"0":"post-32342","1":"product","2":"type-product","3":"status-publish","4":"has-post-thumbnail","6":"product_cat-calidos","7":"product_cat-coleccion-essentials","8":"product_cat-color","9":"product_cat-fibras-naturales","10":"product_cat-shaggy-menos-de-1cm","11":"product_cat-tapetes","12":"product_tag-120x170-cm","13":"product_tag-160x230-cm","14":"product_tag-200x285-cm","15":"product_tag-interior","16":"product_tag-suave","18":"first","19":"instock","20":"shipping-taxable","21":"purchasable","22":"product-type-variable","23":"has-default-attributes"},"_links":{"self":[{"href":"https:\/\/dibback.kuper.mx\/index.php\/wp-json\/wp\/v2\/product\/32342","targetHints":{"allow":["GET"]}}],"collection":[{"href":"https:\/\/dibback.kuper.mx\/index.php\/wp-json\/wp\/v2\/product"}],"about":[{"href":"https:\/\/dibback.kuper.mx\/index.php\/wp-json\/wp\/v2\/types\/product"}],"replies":[{"embeddable":true,"href":"https:\/\/dibback.kuper.mx\/index.php\/wp-json\/wp\/v2\/comments?post=32342"}],"version-history":[{"count":1,"href":"https:\/\/dibback.kuper.mx\/index.php\/wp-json\/wp\/v2\/product\/32342\/revisions"}],"predecessor-version":[{"id":32372,"href":"https:\/\/dibback.kuper.mx\/index.php\/wp-json\/wp\/v2\/product\/32342\/revisions\/32372"}],"wp:featuredmedia":[{"embeddable":true,"href":"https:\/\/dibback.kuper.mx\/index.php\/wp-json\/wp\/v2\/media\/20332"}],"wp:attachment":[{"href":"https:\/\/dibback.kuper.mx\/index.php\/wp-json\/wp\/v2\/media?parent=32342"}],"wp:term":[{"taxonomy":"product_brand","embeddable":true,"href":"https:\/\/dibback.kuper.mx\/index.php\/wp-json\/wp\/v2\/product_brand?post=32342"},{"taxonomy":"product_cat","embeddable":true,"href":"https:\/\/dibback.kuper.mx\/index.php\/wp-json\/wp\/v2\/product_cat?post=32342"},{"taxonomy":"product_tag","embeddable":true,"href":"https:\/\/dibback.kuper.mx\/index.php\/wp-json\/wp\/v2\/product_tag?post=32342"}],"curies":[{"name":"wp","href":"https:\/\/api.w.org\/{rel}","templated":true}]}}